{"id":23,"date":"2024-09-22T11:30:40","date_gmt":"2024-09-22T11:30:40","guid":{"rendered":"https:\/\/buildgo.themeori.com\/?page_id=23"},"modified":"2025-09-14T08:27:09","modified_gmt":"2025-09-14T08:27:09","slug":"contact-us","status":"publish","type":"page","link":"https:\/\/www.fugarestorasyon.com.tr\/?page_id=23","title":{"rendered":"\u0130leti\u015fim"},"content":{"rendered":"\t\t<div data-elementor-type=\"wp-page\" data-elementor-id=\"23\" class=\"elementor elementor-23\">\n\t\t\t\t\t\t<section class=\"elementor-section elementor-top-section elementor-element elementor-element-f69cce4 elementor-section-boxed elementor-section-height-default elementor-section-height-default\" data-id=\"f69cce4\" data-element_type=\"section\">\n\t\t\t\t\t\t<div class=\"elementor-container elementor-column-gap-no\">\n\t\t\t\t\t<div class=\"elementor-column elementor-col-50 elementor-top-column elementor-element elementor-element-003390c\" data-id=\"003390c\" data-element_type=\"column\">\n\t\t\t<div class=\"elementor-widget-wrap elementor-element-populated\">\n\t\t\t\t\t\t<div class=\"elementor-element elementor-element-6dc0f73 elementor-widget__width-auto elementor-widget elementor-widget-heading\" data-id=\"6dc0f73\" data-element_type=\"widget\" data-widget_type=\"heading.default\">\n\t\t\t\t\t<h6 class=\"elementor-heading-title elementor-size-default\">\u0130leti\u015fim<\/h6>\t\t\t\t<\/div>\n\t\t\t\t<div class=\"elementor-element elementor-element-9239c55 elementor-widget elementor-widget-heading\" data-id=\"9239c55\" data-element_type=\"widget\" data-widget_type=\"heading.default\">\n\t\t\t\t\t<h2 class=\"elementor-heading-title elementor-size-default\">\u0130leti\u015fime Ge\u00e7in<\/h2>\t\t\t\t<\/div>\n\t\t\t\t<div class=\"elementor-element elementor-element-6747e13 elementor-widget elementor-widget-heading\" data-id=\"6747e13\" data-element_type=\"widget\" data-widget_type=\"heading.default\">\n\t\t\t\t\t<p class=\"elementor-heading-title elementor-size-default\">Size yard\u0131mc\u0131 olmak i\u00e7in buraday\u0131z! Herhangi bir sorunuz, geri bildiriminiz veya projenizle ilgili sorular\u0131n\u0131z i\u00e7in l\u00fctfen bize ula\u015f\u0131n.<\/p>\t\t\t\t<\/div>\n\t\t\t\t<div class=\"elementor-element elementor-element-dc73104 elementor-widget elementor-widget-flexitype-icon-box\" data-id=\"dc73104\" data-element_type=\"widget\" data-widget_type=\"flexitype-icon-box.default\">\n\t\t\t\t<div class=\"elementor-widget-container\">\n\t\t\t\t\t\r\n        <div class=\"icon__box-item  \">\r\n                                                                        <div class=\"icon__box-item-icon\">\r\n                        <i aria-hidden=\"true\" class=\"flaticon flaticon-phone\"><\/i>                                            <\/div>\r\n                                        <div class=\"icon__box-item-content\">\r\n                <div class=\"title\">\r\n                                            <h5>\r\n                            Telefon:                        <\/h5>\r\n                                                                <p>0216 392 99 60<\/p>\n                                    <\/div>\r\n                            <\/div>\r\n        <\/div>\r\n\r\n        \t\t\t\t<\/div>\n\t\t\t\t<\/div>\n\t\t\t\t<div class=\"elementor-element elementor-element-e239f71 elementor-widget elementor-widget-flexitype-icon-box\" data-id=\"e239f71\" data-element_type=\"widget\" data-widget_type=\"flexitype-icon-box.default\">\n\t\t\t\t<div class=\"elementor-widget-container\">\n\t\t\t\t\t\r\n        <div class=\"icon__box-item  \">\r\n                                                                        <div class=\"icon__box-item-icon\">\r\n                        <i aria-hidden=\"true\" class=\"flaticon flaticon-email-3\"><\/i>                                            <\/div>\r\n                                        <div class=\"icon__box-item-content\">\r\n                <div class=\"title\">\r\n                                            <h5>\r\n                            E-posta Adresi:                        <\/h5>\r\n                                                                <p>info@fugarestorasyon.com.tr<\/p>\n<p><a href=\"mailto:sukru@fugarestorasyon.com.tr\">sukru@fugarestorasyon.com.tr<\/a><\/p>\n                                    <\/div>\r\n                            <\/div>\r\n        <\/div>\r\n\r\n        \t\t\t\t<\/div>\n\t\t\t\t<\/div>\n\t\t\t\t<div class=\"elementor-element elementor-element-80c2dfa elementor-widget elementor-widget-flexitype-icon-box\" data-id=\"80c2dfa\" data-element_type=\"widget\" data-widget_type=\"flexitype-icon-box.default\">\n\t\t\t\t<div class=\"elementor-widget-container\">\n\t\t\t\t\t\r\n        <div class=\"icon__box-item  \">\r\n                                                                        <div class=\"icon__box-item-icon\">\r\n                        <i aria-hidden=\"true\" class=\"flaticon flaticon-location-1\"><\/i>                                            <\/div>\r\n                                        <div class=\"icon__box-item-content\">\r\n                <div class=\"title\">\r\n                                            <h5>\r\n                            Konum:                        <\/h5>\r\n                                                                <p>G\u00fczelyal\u0131 mah. Ener sok. No: 21\/1 Pendik \/ \u0130stanbul<\/p>\n                                    <\/div>\r\n                            <\/div>\r\n        <\/div>\r\n\r\n        \t\t\t\t<\/div>\n\t\t\t\t<\/div>\n\t\t\t\t\t<\/div>\n\t\t<\/div>\n\t\t\t\t<div class=\"elementor-column elementor-col-50 elementor-top-column elementor-element elementor-element-54c55a0\" data-id=\"54c55a0\" data-element_type=\"column\" data-settings=\"{&quot;background_background&quot;:&quot;classic&quot;}\">\n\t\t\t<div class=\"elementor-widget-wrap elementor-element-populated\">\n\t\t\t\t\t\t<div class=\"elementor-element elementor-element-b4d4a66 elementor-widget elementor-widget-heading\" data-id=\"b4d4a66\" data-element_type=\"widget\" data-widget_type=\"heading.default\">\n\t\t\t\t\t<h2 class=\"elementor-heading-title elementor-size-default\">Mesaj G\u00f6nder<\/h2>\t\t\t\t<\/div>\n\t\t\t\t<div class=\"elementor-element elementor-element-d80e2e4 elementor-widget elementor-widget-flexitype-contact-form7\" data-id=\"d80e2e4\" data-element_type=\"widget\" data-widget_type=\"flexitype-contact-form7.default\">\n\t\t\t\t<div class=\"elementor-widget-container\">\n\t\t\t\t\t        <div class=\"flexitype-contact-form-wrapper\">\r\n            \n<div class=\"wpcf7 no-js\" id=\"wpcf7-f569-o1\" lang=\"en-US\" dir=\"ltr\" data-wpcf7-id=\"569\">\n<div class=\"screen-reader-response\"><p role=\"status\" aria-live=\"polite\" aria-atomic=\"true\"><\/p> <ul><\/ul><\/div>\n<form action=\"\/index.php?rest_route=%2Fwp%2Fv2%2Fpages%2F23#wpcf7-f569-o1\" method=\"post\" class=\"wpcf7-form init\" aria-label=\"Contact form\" novalidate=\"novalidate\" data-status=\"init\">\n<fieldset class=\"hidden-fields-container\"><input type=\"hidden\" name=\"_wpcf7\" value=\"569\" \/><input type=\"hidden\" name=\"_wpcf7_version\" value=\"6.1.1\" \/><input type=\"hidden\" name=\"_wpcf7_locale\" value=\"en_US\" \/><input type=\"hidden\" name=\"_wpcf7_unit_tag\" value=\"wpcf7-f569-o1\" \/><input type=\"hidden\" name=\"_wpcf7_container_post\" value=\"0\" \/><input type=\"hidden\" name=\"_wpcf7_posted_data_hash\" value=\"\" \/>\n<\/fieldset>\n<div class=\"row contact-form\">\n\t<div class=\"col-md-6\">\n\t\t<span class=\"wpcf7-form-control-wrap\" data-name=\"your-name\"><input size=\"40\" maxlength=\"400\" class=\"wpcf7-form-control wpcf7-text wpcf7-validates-as-required\" aria-required=\"true\" aria-invalid=\"false\" placeholder=\"\u0130sim\" value=\"\" type=\"text\" name=\"your-name\" \/><\/span>\n\t<\/div>\n\t<div class=\"col-md-6 md-25\">\n\t\t<span class=\"wpcf7-form-control-wrap\" data-name=\"your-email\"><input size=\"40\" maxlength=\"400\" class=\"wpcf7-form-control wpcf7-email wpcf7-validates-as-required wpcf7-text wpcf7-validates-as-email\" aria-required=\"true\" aria-invalid=\"false\" placeholder=\"E-posta\" value=\"\" type=\"email\" name=\"your-email\" \/><\/span>\n\t<\/div>\n       <div class=\"col-md-6\">\n\t\t<span class=\"wpcf7-form-control-wrap\" data-name=\"your-phone\"><input size=\"40\" maxlength=\"400\" class=\"wpcf7-form-control wpcf7-text wpcf7-validates-as-required\" aria-required=\"true\" aria-invalid=\"false\" placeholder=\"Telefon\" value=\"\" type=\"text\" name=\"your-phone\" \/><\/span>\n\t<\/div>\n\t<div class=\"col-md-6 md-25\">\n\t\t<span class=\"wpcf7-form-control-wrap\" data-name=\"subject\"><input size=\"40\" maxlength=\"400\" class=\"wpcf7-form-control wpcf7-text wpcf7-validates-as-required\" aria-required=\"true\" aria-invalid=\"false\" placeholder=\"mevzu\" value=\"\" type=\"text\" name=\"subject\" \/><\/span>\n\t<\/div>\n\t<div class=\"col-lg-12\">\n\t\t<span class=\"wpcf7-form-control-wrap\" data-name=\"textarea\"><textarea cols=\"40\" rows=\"10\" maxlength=\"2000\" class=\"wpcf7-form-control wpcf7-textarea wpcf7-validates-as-required\" aria-required=\"true\" aria-invalid=\"false\" placeholder=\"Mesaj\" name=\"textarea\"><\/textarea><\/span>\n\t<\/div>\n\t<div class=\"col-lg-12\">\n\t<input class=\"wpcf7-form-control wpcf7-submit has-spinner\" type=\"submit\" value=\"\u015eimdi G\u00f6nder\" \/>\n\t<\/div>\n<\/div><div class=\"wpcf7-response-output\" aria-hidden=\"true\"><\/div>\n<\/form>\n<\/div>\n        <\/div>\r\n\r\n        \t\t\t\t<\/div>\n\t\t\t\t<\/div>\n\t\t\t\t\t<\/div>\n\t\t<\/div>\n\t\t\t\t\t<\/div>\n\t\t<\/section>\n\t\t\t\t<section class=\"elementor-section elementor-top-section elementor-element elementor-element-5a9cfa3 elementor-section-boxed elementor-section-height-default elementor-section-height-default\" data-id=\"5a9cfa3\" data-element_type=\"section\">\n\t\t\t\t\t\t<div class=\"elementor-container elementor-column-gap-no\">\n\t\t\t\t\t<div class=\"elementor-column elementor-col-100 elementor-top-column elementor-element elementor-element-fb0b1f2\" data-id=\"fb0b1f2\" data-element_type=\"column\">\n\t\t\t<div class=\"elementor-widget-wrap elementor-element-populated\">\n\t\t\t\t\t\t<div class=\"elementor-element elementor-element-831c2e9 elementor-widget elementor-widget-google_maps\" data-id=\"831c2e9\" data-element_type=\"widget\" data-widget_type=\"google_maps.default\">\n\t\t\t\t\t\t\t<div class=\"elementor-custom-embed\">\n\t\t\t<iframe loading=\"lazy\"\n\t\t\t\t\tsrc=\"https:\/\/maps.google.com\/maps?q=G%C3%BCzelyal%C4%B1%20mah.%20Ener%20sok.%20No%3A%2021%2F1%20Pendik%20%2F%20%C4%B0stanbul&#038;t=m&#038;z=15&#038;output=embed&#038;iwloc=near\"\n\t\t\t\t\ttitle=\"G\u00fczelyal\u0131 mah. Ener sok. No: 21\/1 Pendik \/ \u0130stanbul\"\n\t\t\t\t\taria-label=\"G\u00fczelyal\u0131 mah. Ener sok. No: 21\/1 Pendik \/ \u0130stanbul\"\n\t\t\t><\/iframe>\n\t\t<\/div>\n\t\t\t\t\t\t<\/div>\n\t\t\t\t\t<\/div>\n\t\t<\/div>\n\t\t\t\t\t<\/div>\n\t\t<\/section>\n\t\t\t\t<\/div>\n\t\t","protected":false},"excerpt":{"rendered":"<p>\u0130leti\u015fim \u0130leti\u015fime Ge\u00e7in Size yard\u0131mc\u0131 olmak i\u00e7in buraday\u0131z! Herhangi bir sorunuz, geri bildiriminiz veya projenizle ilgili sorular\u0131n\u0131z i\u00e7in l\u00fctfen bize ula\u015f\u0131n. Telefon: 0216 392 99 60 E-posta Adresi: info@fugarestorasyon.com.tr sukru@fugarestorasyon.com.tr Konum: G\u00fczelyal\u0131 mah. Ener sok. No: 21\/1 Pendik \/ \u0130stanbul Mesaj G\u00f6nder<\/p>\n","protected":false},"author":1,"featured_media":0,"parent":0,"menu_order":0,"comment_status":"closed","ping_status":"closed","template":"page-builder.php","meta":{"footnotes":""},"class_list":["post-23","page","type-page","status-publish","hentry"],"_links":{"self":[{"href":"https:\/\/www.fugarestorasyon.com.tr\/index.php?rest_route=\/wp\/v2\/pages\/23","targetHints":{"allow":["GET"]}}],"collection":[{"href":"https:\/\/www.fugarestorasyon.com.tr\/index.php?rest_route=\/wp\/v2\/pages"}],"about":[{"href":"https:\/\/www.fugarestorasyon.com.tr\/index.php?rest_route=\/wp\/v2\/types\/page"}],"author":[{"embeddable":true,"href":"https:\/\/www.fugarestorasyon.com.tr\/index.php?rest_route=\/wp\/v2\/users\/1"}],"replies":[{"embeddable":true,"href":"https:\/\/www.fugarestorasyon.com.tr\/index.php?rest_route=%2Fwp%2Fv2%2Fcomments&post=23"}],"version-history":[{"count":16,"href":"https:\/\/www.fugarestorasyon.com.tr\/index.php?rest_route=\/wp\/v2\/pages\/23\/revisions"}],"predecessor-version":[{"id":4145,"href":"https:\/\/www.fugarestorasyon.com.tr\/index.php?rest_route=\/wp\/v2\/pages\/23\/revisions\/4145"}],"wp:attachment":[{"href":"https:\/\/www.fugarestorasyon.com.tr\/index.php?rest_route=%2Fwp%2Fv2%2Fmedia&parent=23"}],"curies":[{"name":"wp","href":"https:\/\/api.w.org\/{rel}","templated":true}]}}