{"id":387,"date":"2024-09-25T16:38:35","date_gmt":"2024-09-25T16:38:35","guid":{"rendered":"https:\/\/buildgo.themeori.com\/?page_id=387"},"modified":"2025-09-10T16:18:43","modified_gmt":"2025-09-10T16:18:43","slug":"portfolio","status":"publish","type":"page","link":"https:\/\/www.fugarestorasyon.com.tr\/?page_id=387","title":{"rendered":"Portfolio"},"content":{"rendered":"\t\t<div data-elementor-type=\"wp-page\" data-elementor-id=\"387\" class=\"elementor elementor-387\">\n\t\t\t\t<div class=\"elementor-element elementor-element-ee225ff e-flex e-con-boxed e-con e-parent\" data-id=\"ee225ff\" data-element_type=\"container\" data-settings=\"{&quot;background_background&quot;:&quot;classic&quot;}\">\n\t\t\t\t\t<div class=\"e-con-inner\">\n\t\t\t\t<div class=\"elementor-element elementor-element-788d34d elementor-grid-eael-col-2 elementor-widget__width-inherit elementor-grid-tablet-eael-col-2 elementor-grid-mobile-eael-col-1 elementor-widget elementor-widget-eael-post-grid\" data-id=\"788d34d\" data-element_type=\"widget\" data-settings=\"{&quot;eael_post_grid_columns&quot;:&quot;eael-col-2&quot;,&quot;eael_post_grid_columns_tablet&quot;:&quot;eael-col-2&quot;,&quot;eael_post_grid_columns_mobile&quot;:&quot;eael-col-1&quot;}\" data-widget_type=\"eael-post-grid.default\">\n\t\t\t\t\t<div id=\"eael-post-grid-788d34d\" class=\"eael-post-grid-container\">\n            <div class=\"eael-post-grid eael-post-appender eael-post-appender-788d34d eael-post-grid-style-one\" data-layout-mode=\"masonry\"><article class=\"eael-grid-post eael-post-grid-column\" data-id=\"4120\">\n        <div class=\"eael-grid-post-holder\">\n            <div class=\"eael-grid-post-holder-inner\"><div class=\"eael-entry-media\"><div class=\"eael-entry-overlay fade-in\"><i class=\"fas fa-long-arrow-alt-right\" aria-hidden=\"true\"><\/i><a href=\"https:\/\/www.fugarestorasyon.com.tr\/?portfolio=sapanca-mercan-villalari\"><\/a><\/div><div class=\"eael-entry-thumbnail \">\n                <img decoding=\"async\" width=\"300\" height=\"148\" src=\"https:\/\/www.fugarestorasyon.com.tr\/wp-content\/uploads\/2025\/09\/Untitled6-300x148.png\" class=\"attachment-medium size-medium wp-image-4127\" alt=\"\" srcset=\"https:\/\/www.fugarestorasyon.com.tr\/wp-content\/uploads\/2025\/09\/Untitled6-300x148.png 300w, https:\/\/www.fugarestorasyon.com.tr\/wp-content\/uploads\/2025\/09\/Untitled6-1024x504.png 1024w, https:\/\/www.fugarestorasyon.com.tr\/wp-content\/uploads\/2025\/09\/Untitled6-768x378.png 768w, https:\/\/www.fugarestorasyon.com.tr\/wp-content\/uploads\/2025\/09\/Untitled6.png 1366w\" sizes=\"(max-width: 300px) 100vw, 300px\" \/>\n            <\/div>\n        <\/div><div class=\"eael-entry-wrapper\"><header class=\"eael-entry-header\"><h2 class=\"eael-entry-title\"><a class=\"eael-grid-post-link\" href=\"https:\/\/www.fugarestorasyon.com.tr\/?portfolio=sapanca-mercan-villalari\" title=\"Sapanca Mercan Villalar\u0131\">Sapanca Mercan Villalar\u0131<\/a><\/h2><\/header><div class=\"eael-entry-content\">\n                        <div class=\"eael-grid-post-excerpt\"><p>Sapanca Mercan Villalar\u0131 Do\u011fan\u0131n kalbinde, modern ya\u015fam\u0131n konforunu sunan Sapanca...<\/p><a href=\"https:\/\/www.fugarestorasyon.com.tr\/?portfolio=sapanca-mercan-villalari\" class=\"eael-post-elements-readmore-btn\">Devam\u0131n\u0131 oku<\/a><\/div>\n                    <\/div><\/div><\/div>\n        <\/div>\n    <\/article><article class=\"eael-grid-post eael-post-grid-column\" data-id=\"4028\">\n        <div class=\"eael-grid-post-holder\">\n            <div class=\"eael-grid-post-holder-inner\"><div class=\"eael-entry-media\"><div class=\"eael-entry-overlay fade-in\"><i class=\"fas fa-long-arrow-alt-right\" aria-hidden=\"true\"><\/i><a href=\"https:\/\/www.fugarestorasyon.com.tr\/?portfolio=kilic-ali-pasa-medresesi-restorasyonu-3\"><\/a><\/div><div class=\"eael-entry-thumbnail \">\n                <img fetchpriority=\"high\" decoding=\"async\" width=\"300\" height=\"225\" src=\"https:\/\/www.fugarestorasyon.com.tr\/wp-content\/uploads\/2025\/09\/P1150038-300x225.png\" class=\"attachment-medium size-medium wp-image-4038\" alt=\"\" srcset=\"https:\/\/www.fugarestorasyon.com.tr\/wp-content\/uploads\/2025\/09\/P1150038-300x225.png 300w, https:\/\/www.fugarestorasyon.com.tr\/wp-content\/uploads\/2025\/09\/P1150038-768x576.png 768w, https:\/\/www.fugarestorasyon.com.tr\/wp-content\/uploads\/2025\/09\/P1150038.png 1000w\" sizes=\"(max-width: 300px) 100vw, 300px\" \/>\n            <\/div>\n        <\/div><div class=\"eael-entry-wrapper\"><header class=\"eael-entry-header\"><h2 class=\"eael-entry-title\"><a class=\"eael-grid-post-link\" href=\"https:\/\/www.fugarestorasyon.com.tr\/?portfolio=kilic-ali-pasa-medresesi-restorasyonu-3\" title=\"K\u0131l\u0131\u00e7 Ali Pa\u015fa Medresesi \u0130\u00e7 Restorasyonu\">K\u0131l\u0131\u00e7 Ali Pa\u015fa Medresesi \u0130\u00e7 Restorasyonu<\/a><\/h2><\/header><div class=\"eael-entry-content\">\n                        <div class=\"eael-grid-post-excerpt\"><p>K\u0131l\u0131\u00e7 Ali Pa\u015fa Medresesi Restorasyonu Mimar Sinan\u2019\u0131n 16. y\u00fczy\u0131lda Osmanl\u0131...<\/p><a href=\"https:\/\/www.fugarestorasyon.com.tr\/?portfolio=kilic-ali-pasa-medresesi-restorasyonu-3\" class=\"eael-post-elements-readmore-btn\">Devam\u0131n\u0131 oku<\/a><\/div>\n                    <\/div><\/div><\/div>\n        <\/div>\n    <\/article><\/div>\n            <div class=\"clearfix\"><\/div>\n        <\/div>            <div class=\"eael-load-more-button-wrap eael-force-hide\">\n                <button class=\"eael-load-more-button\" id=\"eael-load-more-btn-788d34d\" data-widget-id=\"788d34d\" data-widget=\"788d34d\" data-page-id=\"387\" data-template=\"{&quot;dir&quot;:&quot;lite&quot;,&quot;file_name&quot;:&quot;one.php&quot;,&quot;name&quot;:&quot;Post-Grid&quot;}\" data-class=\"Essential_Addons_Elementor\\Elements\\Post_Grid\" data-layout=\"masonry\" data-page=\"1\" data-args=\"orderby=date&amp;order=desc&amp;ignore_sticky_posts=1&amp;post_status=publish&amp;posts_per_page=2&amp;offset=0&amp;post_type=portfolio\" data-max-page=\"6\">\n                    <span class=\"eael-btn-loader button__loader\"><\/span>\n                    <span class=\"eael_load_more_text\">Load More<\/span>\n                <\/button>\n            <\/div>\n            \t\t\t\t<\/div>\n\t\t\t\t\t<\/div>\n\t\t\t\t<\/div>\n\t\t<div class=\"elementor-element elementor-element-7f8239f e-flex e-con-boxed e-con e-parent\" data-id=\"7f8239f\" data-element_type=\"container\" data-settings=\"{&quot;background_background&quot;:&quot;classic&quot;}\">\n\t\t\t\t\t<div class=\"e-con-inner\">\n\t\t\t\t<div class=\"elementor-element elementor-element-1b5b8f3 elementor-grid-eael-col-3 elementor-widget__width-inherit elementor-grid-tablet-eael-col-2 elementor-grid-mobile-eael-col-1 elementor-widget elementor-widget-eael-post-grid\" data-id=\"1b5b8f3\" data-element_type=\"widget\" data-settings=\"{&quot;eael_post_grid_columns&quot;:&quot;eael-col-3&quot;,&quot;eael_post_grid_columns_tablet&quot;:&quot;eael-col-2&quot;,&quot;eael_post_grid_columns_mobile&quot;:&quot;eael-col-1&quot;}\" data-widget_type=\"eael-post-grid.default\">\n\t\t\t\t\t<div id=\"eael-post-grid-1b5b8f3\" class=\"eael-post-grid-container\">\n            <div class=\"eael-post-grid eael-post-appender eael-post-appender-1b5b8f3 eael-post-grid-style-one\" data-layout-mode=\"grid\"><article class=\"eael-grid-post eael-post-grid-column\" data-id=\"3653\">\n        <div class=\"eael-grid-post-holder\">\n            <div class=\"eael-grid-post-holder-inner\"><div class=\"eael-entry-media\"><div class=\"eael-entry-overlay fade-in\"><i class=\"fas fa-long-arrow-alt-right\" aria-hidden=\"true\"><\/i><a href=\"https:\/\/www.fugarestorasyon.com.tr\/?portfolio=padisahturbeleri\"><\/a><\/div><div class=\"eael-entry-thumbnail \">\n                <img decoding=\"async\" width=\"300\" height=\"164\" src=\"https:\/\/www.fugarestorasyon.com.tr\/wp-content\/uploads\/2025\/09\/2-1-300x164.jpg\" class=\"attachment-medium size-medium wp-image-3667\" alt=\"\" srcset=\"https:\/\/www.fugarestorasyon.com.tr\/wp-content\/uploads\/2025\/09\/2-1-300x164.jpg 300w, https:\/\/www.fugarestorasyon.com.tr\/wp-content\/uploads\/2025\/09\/2-1-768x420.jpg 768w, https:\/\/www.fugarestorasyon.com.tr\/wp-content\/uploads\/2025\/09\/2-1.jpg 920w\" sizes=\"(max-width: 300px) 100vw, 300px\" \/>\n            <\/div>\n        <\/div><div class=\"eael-entry-wrapper\"><header class=\"eael-entry-header\"><h6 class=\"eael-entry-title\"><a class=\"eael-grid-post-link\" href=\"https:\/\/www.fugarestorasyon.com.tr\/?portfolio=padisahturbeleri\" title=\"Padisaht\u00fcrbeleri\">Padisaht\u00fcrbeleri<\/a><\/h6><\/header><div class=\"eael-entry-content\">\n                        <div class=\"eael-grid-post-excerpt\"><p>Fuga Restorasyon olarak, tarih\u00ee miras\u0131m\u0131z\u0131n...<\/p><\/div>\n                    <\/div><\/div><\/div>\n        <\/div>\n    <\/article><article class=\"eael-grid-post eael-post-grid-column\" data-id=\"3623\">\n        <div class=\"eael-grid-post-holder\">\n            <div class=\"eael-grid-post-holder-inner\"><div class=\"eael-entry-media\"><div class=\"eael-entry-overlay fade-in\"><i class=\"fas fa-long-arrow-alt-right\" aria-hidden=\"true\"><\/i><a href=\"https:\/\/www.fugarestorasyon.com.tr\/?portfolio=turkiye-diyanet-vakfi-sisli-bina-restorasyonu\"><\/a><\/div><div class=\"eael-entry-thumbnail \">\n                <img loading=\"lazy\" decoding=\"async\" width=\"300\" height=\"164\" src=\"https:\/\/www.fugarestorasyon.com.tr\/wp-content\/uploads\/2025\/09\/turkiye_diyanet_vakfi_sisli_bina_restorasyonu-300x164.jpg\" class=\"attachment-medium size-medium wp-image-3624\" alt=\"\" srcset=\"https:\/\/www.fugarestorasyon.com.tr\/wp-content\/uploads\/2025\/09\/turkiye_diyanet_vakfi_sisli_bina_restorasyonu-300x164.jpg 300w, https:\/\/www.fugarestorasyon.com.tr\/wp-content\/uploads\/2025\/09\/turkiye_diyanet_vakfi_sisli_bina_restorasyonu-768x420.jpg 768w, https:\/\/www.fugarestorasyon.com.tr\/wp-content\/uploads\/2025\/09\/turkiye_diyanet_vakfi_sisli_bina_restorasyonu.jpg 920w\" sizes=\"(max-width: 300px) 100vw, 300px\" \/>\n            <\/div>\n        <\/div><div class=\"eael-entry-wrapper\"><header class=\"eael-entry-header\"><h6 class=\"eael-entry-title\"><a class=\"eael-grid-post-link\" href=\"https:\/\/www.fugarestorasyon.com.tr\/?portfolio=turkiye-diyanet-vakfi-sisli-bina-restorasyonu\" title=\"T\u00fcrkiye Diyanet Vakf\u0131 \u015ei\u015fli Bina Restorasyonu\">T\u00fcrkiye Diyanet Vakf\u0131 \u015ei\u015fli Bina Restorasyonu<\/a><\/h6><\/header><div class=\"eael-entry-content\">\n                        <div class=\"eael-grid-post-excerpt\"><p>T\u00fcrkiye Diyanet Vakf\u0131 \u015ei\u015fli Binas\u0131...<\/p><\/div>\n                    <\/div><\/div><\/div>\n        <\/div>\n    <\/article><article class=\"eael-grid-post eael-post-grid-column\" data-id=\"3620\">\n        <div class=\"eael-grid-post-holder\">\n            <div class=\"eael-grid-post-holder-inner\"><div class=\"eael-entry-media\"><div class=\"eael-entry-overlay fade-in\"><i class=\"fas fa-long-arrow-alt-right\" aria-hidden=\"true\"><\/i><a href=\"https:\/\/www.fugarestorasyon.com.tr\/?portfolio=kirklareli-dodoglu-konagi-restorasyonu\"><\/a><\/div><div class=\"eael-entry-thumbnail \">\n                <img loading=\"lazy\" decoding=\"async\" width=\"300\" height=\"164\" src=\"https:\/\/www.fugarestorasyon.com.tr\/wp-content\/uploads\/2025\/09\/kirklareli_dodoglu_konagi_restorasyonu-300x164.jpg\" class=\"attachment-medium size-medium wp-image-3621\" alt=\"\" srcset=\"https:\/\/www.fugarestorasyon.com.tr\/wp-content\/uploads\/2025\/09\/kirklareli_dodoglu_konagi_restorasyonu-300x164.jpg 300w, https:\/\/www.fugarestorasyon.com.tr\/wp-content\/uploads\/2025\/09\/kirklareli_dodoglu_konagi_restorasyonu-768x420.jpg 768w, https:\/\/www.fugarestorasyon.com.tr\/wp-content\/uploads\/2025\/09\/kirklareli_dodoglu_konagi_restorasyonu.jpg 920w\" sizes=\"(max-width: 300px) 100vw, 300px\" \/>\n            <\/div>\n        <\/div><div class=\"eael-entry-wrapper\"><header class=\"eael-entry-header\"><h6 class=\"eael-entry-title\"><a class=\"eael-grid-post-link\" href=\"https:\/\/www.fugarestorasyon.com.tr\/?portfolio=kirklareli-dodoglu-konagi-restorasyonu\" title=\"K\u0131rklareli Dodo\u011flu Kona\u011f\u0131 Restorasyonu\">K\u0131rklareli Dodo\u011flu Kona\u011f\u0131 Restorasyonu<\/a><\/h6><\/header><div class=\"eael-entry-content\">\n                        <div class=\"eael-grid-post-excerpt\"><p>Tarihi K\u0131rklareli Dodo\u011flu Kona\u011f\u0131 restorasyon...<\/p><\/div>\n                    <\/div><\/div><\/div>\n        <\/div>\n    <\/article><\/div>\n            <div class=\"clearfix\"><\/div>\n        <\/div>            <div class=\"eael-load-more-button-wrap eael-force-hide\">\n                <button class=\"eael-load-more-button\" id=\"eael-load-more-btn-1b5b8f3\" data-widget-id=\"1b5b8f3\" data-widget=\"1b5b8f3\" data-page-id=\"387\" data-template=\"{&quot;dir&quot;:&quot;lite&quot;,&quot;file_name&quot;:&quot;one.php&quot;,&quot;name&quot;:&quot;Post-Grid&quot;}\" data-class=\"Essential_Addons_Elementor\\Elements\\Post_Grid\" data-layout=\"grid\" data-page=\"1\" data-args=\"orderby=date&amp;order=desc&amp;ignore_sticky_posts=1&amp;post_status=publish&amp;posts_per_page=3&amp;offset=3&amp;post_type=portfolio\" data-max-page=\"3\">\n                    <span class=\"eael-btn-loader button__loader\"><\/span>\n                    <span class=\"eael_load_more_text\">Load More<\/span>\n                <\/button>\n            <\/div>\n            \t\t\t\t<\/div>\n\t\t\t\t\t<\/div>\n\t\t\t\t<\/div>\n\t\t<div class=\"elementor-element elementor-element-096eac8 e-flex e-con-boxed e-con e-parent\" data-id=\"096eac8\" data-element_type=\"container\" data-settings=\"{&quot;background_background&quot;:&quot;classic&quot;}\">\n\t\t\t\t\t<div class=\"e-con-inner\">\n\t\t\t\t<div class=\"elementor-element elementor-element-3dea26c elementor-grid-eael-col-2 elementor-widget__width-inherit elementor-grid-tablet-eael-col-2 elementor-grid-mobile-eael-col-1 elementor-widget elementor-widget-eael-post-grid\" data-id=\"3dea26c\" data-element_type=\"widget\" data-settings=\"{&quot;eael_post_grid_columns&quot;:&quot;eael-col-2&quot;,&quot;eael_post_grid_columns_tablet&quot;:&quot;eael-col-2&quot;,&quot;eael_post_grid_columns_mobile&quot;:&quot;eael-col-1&quot;}\" data-widget_type=\"eael-post-grid.default\">\n\t\t\t\t\t<div id=\"eael-post-grid-3dea26c\" class=\"eael-post-grid-container\">\n            <div class=\"eael-post-grid eael-post-appender eael-post-appender-3dea26c eael-post-grid-style-one\" data-layout-mode=\"masonry\"><article class=\"eael-grid-post eael-post-grid-column\" data-id=\"4007\">\n        <div class=\"eael-grid-post-holder\">\n            <div class=\"eael-grid-post-holder-inner\"><div class=\"eael-entry-media\"><div class=\"eael-entry-overlay fade-in\"><i class=\"fas fa-long-arrow-alt-right\" aria-hidden=\"true\"><\/i><a href=\"https:\/\/www.fugarestorasyon.com.tr\/?portfolio=ii-selim-turbesi-restorasyonu\"><\/a><\/div><div class=\"eael-entry-thumbnail \">\n                <img loading=\"lazy\" decoding=\"async\" width=\"300\" height=\"200\" src=\"https:\/\/www.fugarestorasyon.com.tr\/wp-content\/uploads\/2025\/09\/DSC05960-300x200.png\" class=\"attachment-medium size-medium wp-image-4008\" alt=\"\" srcset=\"https:\/\/www.fugarestorasyon.com.tr\/wp-content\/uploads\/2025\/09\/DSC05960-300x200.png 300w, https:\/\/www.fugarestorasyon.com.tr\/wp-content\/uploads\/2025\/09\/DSC05960-768x512.png 768w, https:\/\/www.fugarestorasyon.com.tr\/wp-content\/uploads\/2025\/09\/DSC05960.png 1000w\" sizes=\"(max-width: 300px) 100vw, 300px\" \/>\n            <\/div>\n        <\/div><div class=\"eael-entry-wrapper\"><header class=\"eael-entry-header\"><h2 class=\"eael-entry-title\"><a class=\"eael-grid-post-link\" href=\"https:\/\/www.fugarestorasyon.com.tr\/?portfolio=ii-selim-turbesi-restorasyonu\" title=\"II. Selim T\u00fcrbesi Restorasyonu\">II. Selim T\u00fcrbesi Restorasyonu<\/a><\/h2><\/header><div class=\"eael-entry-content\">\n                        <div class=\"eael-grid-post-excerpt\"><p>Osmanl\u0131 mimarisinin en \u00f6nemli eserlerinden biri olan, Mimar Sinan\u2019\u0131n tasar\u0131m\u0131yla...<\/p><a href=\"https:\/\/www.fugarestorasyon.com.tr\/?portfolio=ii-selim-turbesi-restorasyonu\" class=\"eael-post-elements-readmore-btn\">Devam\u0131n\u0131 oku<\/a><\/div>\n                    <\/div><\/div><\/div>\n        <\/div>\n    <\/article><article class=\"eael-grid-post eael-post-grid-column\" data-id=\"3653\">\n        <div class=\"eael-grid-post-holder\">\n            <div class=\"eael-grid-post-holder-inner\"><div class=\"eael-entry-media\"><div class=\"eael-entry-overlay fade-in\"><i class=\"fas fa-long-arrow-alt-right\" aria-hidden=\"true\"><\/i><a href=\"https:\/\/www.fugarestorasyon.com.tr\/?portfolio=padisahturbeleri\"><\/a><\/div><div class=\"eael-entry-thumbnail \">\n                <img decoding=\"async\" width=\"300\" height=\"164\" src=\"https:\/\/www.fugarestorasyon.com.tr\/wp-content\/uploads\/2025\/09\/2-1-300x164.jpg\" class=\"attachment-medium size-medium wp-image-3667\" alt=\"\" srcset=\"https:\/\/www.fugarestorasyon.com.tr\/wp-content\/uploads\/2025\/09\/2-1-300x164.jpg 300w, https:\/\/www.fugarestorasyon.com.tr\/wp-content\/uploads\/2025\/09\/2-1-768x420.jpg 768w, https:\/\/www.fugarestorasyon.com.tr\/wp-content\/uploads\/2025\/09\/2-1.jpg 920w\" sizes=\"(max-width: 300px) 100vw, 300px\" \/>\n            <\/div>\n        <\/div><div class=\"eael-entry-wrapper\"><header class=\"eael-entry-header\"><h2 class=\"eael-entry-title\"><a class=\"eael-grid-post-link\" href=\"https:\/\/www.fugarestorasyon.com.tr\/?portfolio=padisahturbeleri\" title=\"Padisaht\u00fcrbeleri\">Padisaht\u00fcrbeleri<\/a><\/h2><\/header><div class=\"eael-entry-content\">\n                        <div class=\"eael-grid-post-excerpt\"><p>Fuga Restorasyon olarak, tarih\u00ee miras\u0131m\u0131z\u0131n en k\u0131ymetli yap\u0131lar\u0131ndan biri olan...<\/p><a href=\"https:\/\/www.fugarestorasyon.com.tr\/?portfolio=padisahturbeleri\" class=\"eael-post-elements-readmore-btn\">Devam\u0131n\u0131 oku<\/a><\/div>\n                    <\/div><\/div><\/div>\n        <\/div>\n    <\/article><\/div>\n            <div class=\"clearfix\"><\/div>\n        <\/div>            <div class=\"eael-load-more-button-wrap eael-force-hide\">\n                <button class=\"eael-load-more-button\" id=\"eael-load-more-btn-3dea26c\" data-widget-id=\"3dea26c\" data-widget=\"3dea26c\" data-page-id=\"387\" data-template=\"{&quot;dir&quot;:&quot;lite&quot;,&quot;file_name&quot;:&quot;one.php&quot;,&quot;name&quot;:&quot;Post-Grid&quot;}\" data-class=\"Essential_Addons_Elementor\\Elements\\Post_Grid\" data-layout=\"masonry\" data-page=\"1\" data-args=\"orderby=date&amp;order=desc&amp;ignore_sticky_posts=1&amp;post_status=publish&amp;posts_per_page=2&amp;offset=2&amp;post_type=portfolio\" data-max-page=\"5\">\n                    <span class=\"eael-btn-loader button__loader\"><\/span>\n                    <span class=\"eael_load_more_text\">Load More<\/span>\n                <\/button>\n            <\/div>\n            \t\t\t\t<\/div>\n\t\t\t\t\t<\/div>\n\t\t\t\t<\/div>\n\t\t\t\t<\/div>\n\t\t","protected":false},"excerpt":{"rendered":"<p>Sapanca Mercan Villalar\u0131 Sapanca Mercan Villalar\u0131 Do\u011fan\u0131n kalbinde, modern ya\u015fam\u0131n konforunu sunan Sapanca&#8230; Devam\u0131n\u0131 oku K\u0131l\u0131\u00e7 Ali Pa\u015fa Medresesi \u0130\u00e7 Restorasyonu K\u0131l\u0131\u00e7 Ali Pa\u015fa Medresesi Restorasyonu Mimar Sinan\u2019\u0131n 16. y\u00fczy\u0131lda Osmanl\u0131&#8230; Devam\u0131n\u0131 oku Load More Padisaht\u00fcrbeleri Fuga Restorasyon olarak, tarih\u00ee miras\u0131m\u0131z\u0131n&#8230; T\u00fcrkiye Diyanet Vakf\u0131 \u015ei\u015fli Bina Restorasyonu T\u00fcrkiye Diyanet Vakf\u0131 \u015ei\u015fli Binas\u0131&#8230; K\u0131rklareli Dodo\u011flu Kona\u011f\u0131 [&hellip;]<\/p>\n","protected":false},"author":1,"featured_media":0,"parent":0,"menu_order":0,"comment_status":"closed","ping_status":"closed","template":"","meta":{"footnotes":""},"class_list":["post-387","page","type-page","status-publish","hentry"],"_links":{"self":[{"href":"https:\/\/www.fugarestorasyon.com.tr\/index.php?rest_route=\/wp\/v2\/pages\/387","targetHints":{"allow":["GET"]}}],"collection":[{"href":"https:\/\/www.fugarestorasyon.com.tr\/index.php?rest_route=\/wp\/v2\/pages"}],"about":[{"href":"https:\/\/www.fugarestorasyon.com.tr\/index.php?rest_route=\/wp\/v2\/types\/page"}],"author":[{"embeddable":true,"href":"https:\/\/www.fugarestorasyon.com.tr\/index.php?rest_route=\/wp\/v2\/users\/1"}],"replies":[{"embeddable":true,"href":"https:\/\/www.fugarestorasyon.com.tr\/index.php?rest_route=%2Fwp%2Fv2%2Fcomments&post=387"}],"version-history":[{"count":20,"href":"https:\/\/www.fugarestorasyon.com.tr\/index.php?rest_route=\/wp\/v2\/pages\/387\/revisions"}],"predecessor-version":[{"id":4137,"href":"https:\/\/www.fugarestorasyon.com.tr\/index.php?rest_route=\/wp\/v2\/pages\/387\/revisions\/4137"}],"wp:attachment":[{"href":"https:\/\/www.fugarestorasyon.com.tr\/index.php?rest_route=%2Fwp%2Fv2%2Fmedia&parent=387"}],"curies":[{"name":"wp","href":"https:\/\/api.w.org\/{rel}","templated":true}]}}